{"id":241369,"date":"2024-04-30T10:56:42","date_gmt":"2024-04-30T08:56:42","guid":{"rendered":"https:\/\/demo11.leodaricreative.com\/arbeiten-sie-mit-uns\/"},"modified":"2026-02-18T09:31:45","modified_gmt":"2026-02-18T08:31:45","slug":"arbeiten-sie-mit-uns","status":"publish","type":"page","link":"https:\/\/etikaimmobiliare.it\/de\/arbeiten-sie-mit-uns\/","title":{"rendered":"ARBEITEN SIE MIT UNS"},"content":{"rendered":"\t\t<div data-elementor-type=\"wp-page\" data-elementor-id=\"241369\" class=\"elementor elementor-241369 elementor-109112\" data-elementor-post-type=\"page\">\n\t\t\t\t\t\t<section class=\"elementor-section elementor-top-section elementor-element elementor-element-92e9d7d elementor-section-height-min-height elementor-section-boxed elementor-section-height-default elementor-section-items-middle\" data-id=\"92e9d7d\" data-element_type=\"section\" data-e-type=\"section\" data-settings=\"{&quot;jet_parallax_layout_list&quot;:[],&quot;background_background&quot;:&quot;classic&quot;}\">\n\t\t\t\t\t\t<div class=\"elementor-container elementor-column-gap-default\">\n\t\t\t\t\t<div class=\"elementor-column elementor-col-100 elementor-top-column elementor-element elementor-element-4417038\" data-id=\"4417038\" data-element_type=\"column\" data-e-type=\"column\">\n\t\t\t<div class=\"elementor-widget-wrap elementor-element-populated\">\n\t\t\t\t\t\t<div class=\"elementor-element elementor-element-be1ad19 elementor-widget elementor-widget-image\" data-id=\"be1ad19\" data-element_type=\"widget\" data-e-type=\"widget\" data-widget_type=\"image.default\">\n\t\t\t\t<div class=\"elementor-widget-container\">\n\t\t\t\t\t\t\t\t\t\t\t\t\t\t\t<img decoding=\"async\" width=\"2000\" height=\"2241\" src=\"https:\/\/etikaimmobiliare.it\/wp-content\/uploads\/2026\/02\/BIANCO-DEFRisorsa-6LOGO-ETIKA-IMMOBILIARE.png\" class=\"attachment-full size-full wp-image-241254\" alt=\"\" srcset=\"https:\/\/etikaimmobiliare.it\/wp-content\/uploads\/2026\/02\/BIANCO-DEFRisorsa-6LOGO-ETIKA-IMMOBILIARE.png 2000w, https:\/\/etikaimmobiliare.it\/wp-content\/uploads\/2026\/02\/BIANCO-DEFRisorsa-6LOGO-ETIKA-IMMOBILIARE-803x900.png 803w, https:\/\/etikaimmobiliare.it\/wp-content\/uploads\/2026\/02\/BIANCO-DEFRisorsa-6LOGO-ETIKA-IMMOBILIARE-1371x1536.png 1371w, https:\/\/etikaimmobiliare.it\/wp-content\/uploads\/2026\/02\/BIANCO-DEFRisorsa-6LOGO-ETIKA-IMMOBILIARE-768x861.png 768w, https:\/\/etikaimmobiliare.it\/wp-content\/uploads\/2026\/02\/BIANCO-DEFRisorsa-6LOGO-ETIKA-IMMOBILIARE-1828x2048.png 1828w\" sizes=\"(max-width: 2000px) 100vw, 2000px\" title=\"\">\t\t\t\t\t\t\t\t\t\t\t\t\t\t\t<\/div>\n\t\t\t\t<\/div>\n\t\t\t\t<div class=\"elementor-element elementor-element-3bce514 elementor-widget elementor-widget-spacer\" data-id=\"3bce514\" data-element_type=\"widget\" data-e-type=\"widget\" data-widget_type=\"spacer.default\">\n\t\t\t\t<div class=\"elementor-widget-container\">\n\t\t\t\t\t\t\t<div class=\"elementor-spacer\">\n\t\t\t<div class=\"elementor-spacer-inner\"><\/div>\n\t\t<\/div>\n\t\t\t\t\t\t<\/div>\n\t\t\t\t<\/div>\n\t\t\t\t<div class=\"elementor-element elementor-element-e91ee59 elementor-invisible elementor-widget elementor-widget-heading\" data-id=\"e91ee59\" data-element_type=\"widget\" data-e-type=\"widget\" data-settings=\"{&quot;_animation&quot;:&quot;fadeIn&quot;}\" data-widget_type=\"heading.default\">\n\t\t\t\t<div class=\"elementor-widget-container\">\n\t\t\t\t\t<h1 class=\"elementor-heading-title elementor-size-default\">ARBEITEN SIE MIT UNS IM IMMOBILIENMARKT<\/h1>\t\t\t\t<\/div>\n\t\t\t\t<\/div>\n\t\t\t\t<div class=\"elementor-element elementor-element-15b662b elementor-widget elementor-widget-spacer\" data-id=\"15b662b\" data-element_type=\"widget\" data-e-type=\"widget\" data-widget_type=\"spacer.default\">\n\t\t\t\t<div class=\"elementor-widget-container\">\n\t\t\t\t\t\t\t<div class=\"elementor-spacer\">\n\t\t\t<div class=\"elementor-spacer-inner\"><\/div>\n\t\t<\/div>\n\t\t\t\t\t\t<\/div>\n\t\t\t\t<\/div>\n\t\t\t\t<div class=\"elementor-element elementor-element-6ce9649 elementor-widget elementor-widget-heading\" data-id=\"6ce9649\" data-element_type=\"widget\" data-e-type=\"widget\" data-widget_type=\"heading.default\">\n\t\t\t\t<div class=\"elementor-widget-container\">\n\t\t\t\t\t<h2 class=\"elementor-heading-title elementor-size-default\">Etika immobiliare<\/h2>\t\t\t\t<\/div>\n\t\t\t\t<\/div>\n\t\t\t\t<div class=\"elementor-element elementor-element-b06c9e3 elementor-widget elementor-widget-heading\" data-id=\"b06c9e3\" data-element_type=\"widget\" data-e-type=\"widget\" data-widget_type=\"heading.default\">\n\t\t\t\t<div class=\"elementor-widget-container\">\n\t\t\t\t\t<h3 class=\"elementor-heading-title elementor-size-default\">Immobilienagenturen<\/h3>\t\t\t\t<\/div>\n\t\t\t\t<\/div>\n\t\t\t\t\t<\/div>\n\t\t<\/div>\n\t\t\t\t\t<\/div>\n\t\t<\/section>\n\t\t\t\t<section class=\"elementor-section elementor-top-section elementor-element elementor-element-a19977f elementor-section-boxed elementor-section-height-default elementor-section-height-default\" data-id=\"a19977f\" data-element_type=\"section\" data-e-type=\"section\" data-settings=\"{&quot;jet_parallax_layout_list&quot;:[]}\">\n\t\t\t\t\t\t<div class=\"elementor-container elementor-column-gap-default\">\n\t\t\t\t\t<div class=\"elementor-column elementor-col-100 elementor-top-column elementor-element elementor-element-96608ae\" data-id=\"96608ae\" data-element_type=\"column\" data-e-type=\"column\">\n\t\t\t<div class=\"elementor-widget-wrap elementor-element-populated\">\n\t\t\t\t\t\t<div class=\"elementor-element elementor-element-f4c6b90 elementor-widget elementor-widget-spacer\" data-id=\"f4c6b90\" data-element_type=\"widget\" data-e-type=\"widget\" data-widget_type=\"spacer.default\">\n\t\t\t\t<div class=\"elementor-widget-container\">\n\t\t\t\t\t\t\t<div class=\"elementor-spacer\">\n\t\t\t<div class=\"elementor-spacer-inner\"><\/div>\n\t\t<\/div>\n\t\t\t\t\t\t<\/div>\n\t\t\t\t<\/div>\n\t\t\t\t<section class=\"elementor-section elementor-inner-section elementor-element elementor-element-e9cab66 elementor-section-full_width elementor-section-height-default elementor-section-height-default\" data-id=\"e9cab66\" data-element_type=\"section\" data-e-type=\"section\" data-settings=\"{&quot;jet_parallax_layout_list&quot;:[]}\">\n\t\t\t\t\t\t<div class=\"elementor-container elementor-column-gap-default\">\n\t\t\t\t\t<div class=\"elementor-column elementor-col-50 elementor-inner-column elementor-element elementor-element-9a4a9f5\" data-id=\"9a4a9f5\" data-element_type=\"column\" data-e-type=\"column\">\n\t\t\t<div class=\"elementor-widget-wrap elementor-element-populated\">\n\t\t\t\t\t\t<div class=\"elementor-element elementor-element-b89d220 elementor-widget elementor-widget-image\" data-id=\"b89d220\" data-element_type=\"widget\" data-e-type=\"widget\" data-widget_type=\"image.default\">\n\t\t\t\t<div class=\"elementor-widget-container\">\n\t\t\t\t\t\t\t\t\t\t\t\t\t\t\t<img decoding=\"async\" width=\"1400\" height=\"1120\" src=\"https:\/\/etikaimmobiliare.it\/wp-content\/uploads\/2026\/02\/3-ALBERTO-LAVORA-CON-NOI-Etika-immobiliare-agenzia-immobiliare-Italian-Real-Estate-Investments.jpg\" class=\"attachment-full size-full wp-image-241346\" alt=\"\" srcset=\"https:\/\/etikaimmobiliare.it\/wp-content\/uploads\/2026\/02\/3-ALBERTO-LAVORA-CON-NOI-Etika-immobiliare-agenzia-immobiliare-Italian-Real-Estate-Investments.jpg 1400w, https:\/\/etikaimmobiliare.it\/wp-content\/uploads\/2026\/02\/3-ALBERTO-LAVORA-CON-NOI-Etika-immobiliare-agenzia-immobiliare-Italian-Real-Estate-Investments-1125x900.jpg 1125w, https:\/\/etikaimmobiliare.it\/wp-content\/uploads\/2026\/02\/3-ALBERTO-LAVORA-CON-NOI-Etika-immobiliare-agenzia-immobiliare-Italian-Real-Estate-Investments-768x614.jpg 768w\" sizes=\"(max-width: 1400px) 100vw, 1400px\" title=\"\">\t\t\t\t\t\t\t\t\t\t\t\t\t\t\t<\/div>\n\t\t\t\t<\/div>\n\t\t\t\t\t<\/div>\n\t\t<\/div>\n\t\t\t\t<div class=\"elementor-column elementor-col-50 elementor-inner-column elementor-element elementor-element-8157e4e\" data-id=\"8157e4e\" data-element_type=\"column\" data-e-type=\"column\">\n\t\t\t<div class=\"elementor-widget-wrap elementor-element-populated\">\n\t\t\t\t\t\t<div class=\"elementor-element elementor-element-ca127c8 elementor-widget elementor-widget-image\" data-id=\"ca127c8\" data-element_type=\"widget\" data-e-type=\"widget\" data-widget_type=\"image.default\">\n\t\t\t\t<div class=\"elementor-widget-container\">\n\t\t\t\t\t\t\t\t\t\t\t\t\t\t\t<img decoding=\"async\" width=\"2000\" height=\"2241\" src=\"https:\/\/etikaimmobiliare.it\/wp-content\/uploads\/2026\/02\/BIANCO-DEFRisorsa-5LOGO-ETIKA-IMMOBILIARE.png\" class=\"attachment-full size-full wp-image-241253\" alt=\"\" srcset=\"https:\/\/etikaimmobiliare.it\/wp-content\/uploads\/2026\/02\/BIANCO-DEFRisorsa-5LOGO-ETIKA-IMMOBILIARE.png 2000w, https:\/\/etikaimmobiliare.it\/wp-content\/uploads\/2026\/02\/BIANCO-DEFRisorsa-5LOGO-ETIKA-IMMOBILIARE-803x900.png 803w, https:\/\/etikaimmobiliare.it\/wp-content\/uploads\/2026\/02\/BIANCO-DEFRisorsa-5LOGO-ETIKA-IMMOBILIARE-1371x1536.png 1371w, https:\/\/etikaimmobiliare.it\/wp-content\/uploads\/2026\/02\/BIANCO-DEFRisorsa-5LOGO-ETIKA-IMMOBILIARE-768x861.png 768w, https:\/\/etikaimmobiliare.it\/wp-content\/uploads\/2026\/02\/BIANCO-DEFRisorsa-5LOGO-ETIKA-IMMOBILIARE-1828x2048.png 1828w\" sizes=\"(max-width: 2000px) 100vw, 2000px\" title=\"\">\t\t\t\t\t\t\t\t\t\t\t\t\t\t\t<\/div>\n\t\t\t\t<\/div>\n\t\t\t\t<div class=\"elementor-element elementor-element-c5fd877 elementor-widget elementor-widget-heading\" data-id=\"c5fd877\" data-element_type=\"widget\" data-e-type=\"widget\" data-widget_type=\"heading.default\">\n\t\t\t\t<div class=\"elementor-widget-container\">\n\t\t\t\t\t<h4 class=\"elementor-heading-title elementor-size-default\">ARBEITEN SIE MIT UNS<\/h4>\t\t\t\t<\/div>\n\t\t\t\t<\/div>\n\t\t\t\t<div class=\"elementor-element elementor-element-6eeaa65 elementor-widget elementor-widget-heading\" data-id=\"6eeaa65\" data-element_type=\"widget\" data-e-type=\"widget\" data-widget_type=\"heading.default\">\n\t\t\t\t<div class=\"elementor-widget-container\">\n\t\t\t\t\t<h1 class=\"elementor-heading-title elementor-size-default\"> Werden Sie Teil des Teams von Etika Immobiliare<\/h1>\t\t\t\t<\/div>\n\t\t\t\t<\/div>\n\t\t\t\t<div class=\"elementor-element elementor-element-82d0dfc elementor-widget elementor-widget-heading\" data-id=\"82d0dfc\" data-element_type=\"widget\" data-e-type=\"widget\" data-widget_type=\"heading.default\">\n\t\t\t\t<div class=\"elementor-widget-container\">\n\t\t\t\t\t<h2 class=\"elementor-heading-title elementor-size-default\">Wir suchen motivierte Menschen zur Verst\u00e4rkung unseres Teams<\/h2>\t\t\t\t<\/div>\n\t\t\t\t<\/div>\n\t\t\t\t<div class=\"elementor-element elementor-element-2b093ab elementor-widget elementor-widget-text-editor\" data-id=\"2b093ab\" data-element_type=\"widget\" data-e-type=\"widget\" data-widget_type=\"text-editor.default\">\n\t\t\t\t<div class=\"elementor-widget-container\">\n\t\t\t\t\t\t\t\t\t<p class=\"font-claude-response-body break-words whitespace-normal leading-[1.7]\">Etika Immobiliare ist stets auf der Suche nach motivierten und professionellen Menschen, die unsere Werte von Transparenz, Zuh\u00f6ren und Ethik teilen.<\/p><p class=\"font-claude-response-body break-words whitespace-normal leading-[1.7]\">Mit 30 Jahren Erfahrung im Immobiliensektor von Vicenza und Jesolo bieten wir Wachstumsm\u00f6glichkeiten in einem anregenden und lehrreichen Arbeitsumfeld.<\/p>\t\t\t\t\t\t\t\t<\/div>\n\t\t\t\t<\/div>\n\t\t\t\t<div class=\"elementor-element elementor-element-fe5003e elementor-icon-list--layout-inline elementor-tablet-align-start elementor-list-item-link-full_width elementor-widget elementor-widget-icon-list\" data-id=\"fe5003e\" data-element_type=\"widget\" data-e-type=\"widget\" data-widget_type=\"icon-list.default\">\n\t\t\t\t<div class=\"elementor-widget-container\">\n\t\t\t\t\t\t\t<ul class=\"elementor-icon-list-items elementor-inline-items\">\n\t\t\t\t\t\t\t<li class=\"elementor-icon-list-item elementor-inline-item\">\n\t\t\t\t\t\t\t\t\t\t\t<a href=\"#candidati\">\n\n\t\t\t\t\t\t\t\t\t\t\t<span class=\"elementor-icon-list-text\">JETZT BEWERBEN<\/span>\n\t\t\t\t\t\t\t\t\t\t\t<\/a>\n\t\t\t\t\t\t\t\t\t<\/li>\n\t\t\t\t\t\t\t\t<li class=\"elementor-icon-list-item elementor-inline-item\">\n\t\t\t\t\t\t\t\t\t\t<span class=\"elementor-icon-list-text\">E-MAIL SENDEN<\/span>\n\t\t\t\t\t\t\t\t\t<\/li>\n\t\t\t\t\t\t<\/ul>\n\t\t\t\t\t\t<\/div>\n\t\t\t\t<\/div>\n\t\t\t\t\t<\/div>\n\t\t<\/div>\n\t\t\t\t\t<\/div>\n\t\t<\/section>\n\t\t\t\t<div class=\"elementor-element elementor-element-7ef9790 elementor-widget elementor-widget-menu-anchor\" data-id=\"7ef9790\" data-element_type=\"widget\" data-e-type=\"widget\" data-widget_type=\"menu-anchor.default\">\n\t\t\t\t<div class=\"elementor-widget-container\">\n\t\t\t\t\t\t\t<div class=\"elementor-menu-anchor\" id=\"JetztBewerben\"><\/div>\n\t\t\t\t\t\t<\/div>\n\t\t\t\t<\/div>\n\t\t\t\t\t<\/div>\n\t\t<\/div>\n\t\t\t\t\t<\/div>\n\t\t<\/section>\n\t\t\t\t<section class=\"elementor-section elementor-top-section elementor-element elementor-element-21d05ba elementor-section-boxed elementor-section-height-default elementor-section-height-default\" data-id=\"21d05ba\" data-element_type=\"section\" data-e-type=\"section\" data-settings=\"{&quot;jet_parallax_layout_list&quot;:[]}\">\n\t\t\t\t\t\t<div class=\"elementor-container elementor-column-gap-default\">\n\t\t\t\t\t<div class=\"elementor-column elementor-col-100 elementor-top-column elementor-element elementor-element-3ccf91d\" data-id=\"3ccf91d\" data-element_type=\"column\" data-e-type=\"column\">\n\t\t\t<div class=\"elementor-widget-wrap elementor-element-populated\">\n\t\t\t\t\t\t<div class=\"elementor-element elementor-element-ae3af43 elementor-widget elementor-widget-spacer\" data-id=\"ae3af43\" data-element_type=\"widget\" data-e-type=\"widget\" data-widget_type=\"spacer.default\">\n\t\t\t\t<div class=\"elementor-widget-container\">\n\t\t\t\t\t\t\t<div class=\"elementor-spacer\">\n\t\t\t<div class=\"elementor-spacer-inner\"><\/div>\n\t\t<\/div>\n\t\t\t\t\t\t<\/div>\n\t\t\t\t<\/div>\n\t\t\t\t<section class=\"elementor-section elementor-inner-section elementor-element elementor-element-e91e952 elementor-section-full_width elementor-section-height-default elementor-section-height-default\" data-id=\"e91e952\" data-element_type=\"section\" data-e-type=\"section\" data-settings=\"{&quot;jet_parallax_layout_list&quot;:[]}\">\n\t\t\t\t\t\t<div class=\"elementor-container elementor-column-gap-default\">\n\t\t\t\t\t<div class=\"elementor-column elementor-col-100 elementor-inner-column elementor-element elementor-element-9556caf\" data-id=\"9556caf\" data-element_type=\"column\" data-e-type=\"column\">\n\t\t\t<div class=\"elementor-widget-wrap elementor-element-populated\">\n\t\t\t\t\t\t<div class=\"elementor-element elementor-element-0fab129 elementor-widget elementor-widget-image\" data-id=\"0fab129\" data-element_type=\"widget\" data-e-type=\"widget\" data-widget_type=\"image.default\">\n\t\t\t\t<div class=\"elementor-widget-container\">\n\t\t\t\t\t\t\t\t\t\t\t\t\t\t\t<img decoding=\"async\" width=\"2000\" height=\"710\" src=\"https:\/\/etikaimmobiliare.it\/wp-content\/uploads\/2026\/02\/VIOLA-DEFRisorsa-3LOGO-ETIKA-IMMOBILIARE.png\" class=\"attachment-full size-full wp-image-241255\" alt=\"\" srcset=\"https:\/\/etikaimmobiliare.it\/wp-content\/uploads\/2026\/02\/VIOLA-DEFRisorsa-3LOGO-ETIKA-IMMOBILIARE.png 2000w, https:\/\/etikaimmobiliare.it\/wp-content\/uploads\/2026\/02\/VIOLA-DEFRisorsa-3LOGO-ETIKA-IMMOBILIARE-1200x426.png 1200w, https:\/\/etikaimmobiliare.it\/wp-content\/uploads\/2026\/02\/VIOLA-DEFRisorsa-3LOGO-ETIKA-IMMOBILIARE-768x273.png 768w, https:\/\/etikaimmobiliare.it\/wp-content\/uploads\/2026\/02\/VIOLA-DEFRisorsa-3LOGO-ETIKA-IMMOBILIARE-1536x545.png 1536w\" sizes=\"(max-width: 2000px) 100vw, 2000px\" title=\"\">\t\t\t\t\t\t\t\t\t\t\t\t\t\t\t<\/div>\n\t\t\t\t<\/div>\n\t\t\t\t<div class=\"elementor-element elementor-element-fb9e63f elementor-widget elementor-widget-heading\" data-id=\"fb9e63f\" data-element_type=\"widget\" data-e-type=\"widget\" data-widget_type=\"heading.default\">\n\t\t\t\t<div class=\"elementor-widget-container\">\n\t\t\t\t\t<h4 class=\"elementor-heading-title elementor-size-default\">ARBEITEN SIE MIT UNS<\/h4>\t\t\t\t<\/div>\n\t\t\t\t<\/div>\n\t\t\t\t<div class=\"elementor-element elementor-element-a991ebf elementor-widget elementor-widget-heading\" data-id=\"a991ebf\" data-element_type=\"widget\" data-e-type=\"widget\" data-widget_type=\"heading.default\">\n\t\t\t\t<div class=\"elementor-widget-container\">\n\t\t\t\t\t<h1 class=\"elementor-heading-title elementor-size-default\">Was bieten wir?<\/h1>\t\t\t\t<\/div>\n\t\t\t\t<\/div>\n\t\t\t\t<div class=\"elementor-element elementor-element-7ca0291 elementor-widget elementor-widget-heading\" data-id=\"7ca0291\" data-element_type=\"widget\" data-e-type=\"widget\" data-widget_type=\"heading.default\">\n\t\t\t\t<div class=\"elementor-widget-container\">\n\t\t\t\t\t<h2 class=\"elementor-heading-title elementor-size-default\">Kontinuierliche Weiterbildung, Teamunterst\u00fctzung und Wachstumsm\u00f6glichkeiten<\/h2>\t\t\t\t<\/div>\n\t\t\t\t<\/div>\n\t\t\t\t<div class=\"elementor-element elementor-element-e6c8cd1 elementor-widget elementor-widget-text-editor\" data-id=\"e6c8cd1\" data-element_type=\"widget\" data-e-type=\"widget\" data-widget_type=\"text-editor.default\">\n\t\t\t\t<div class=\"elementor-widget-container\">\n\t\t\t\t\t\t\t\t\t<p class=\"font-claude-response-body break-words whitespace-normal leading-[1.7]\">Wir bieten spezialisierte Ausbildung, Unterst\u00fctzung durch ein erfahrenes Team, modernste Arbeitsmittel und die M\u00f6glichkeit, mit etablierten Kunden und einem hochwertigen Immobilienportfolio zu arbeiten. Unsere Unternehmensphilosophie stellt Menschen in den Mittelpunkt: Sowohl Kunden als auch Mitarbeiter sind das Herzst\u00fcck unseres Erfolgs. <\/p><p class=\"font-claude-response-body break-words whitespace-normal leading-[1.7]\">Senden Sie uns Ihren Lebenslauf und erz\u00e4hlen Sie uns von Ihrer Motivation: Wir pr\u00fcfen jede Bewerbung sorgf\u00e4ltig, um die richtigen Menschen zu finden, die mit uns wachsen und zu unserem gemeinsamen Erfolg beitragen k\u00f6nnen.<\/p>\t\t\t\t\t\t\t\t<\/div>\n\t\t\t\t<\/div>\n\t\t\t\t<div class=\"elementor-element elementor-element-8cc1a7e elementor-button-align-start elementor-widget elementor-widget-form\" data-id=\"8cc1a7e\" data-element_type=\"widget\" data-e-type=\"widget\" data-settings=\"{&quot;step_next_label&quot;:&quot;N\\u00e4chste&quot;,&quot;step_previous_label&quot;:&quot;Vorherige&quot;,&quot;button_width&quot;:&quot;100&quot;,&quot;step_type&quot;:&quot;number_text&quot;,&quot;step_icon_shape&quot;:&quot;circle&quot;}\" data-widget_type=\"form.default\">\n\t\t\t\t<div class=\"elementor-widget-container\">\n\t\t\t\t\t\t\t<form class=\"elementor-form\" method=\"post\" id=\"form_cv\" name=\"BEWERBUNG\" aria-label=\"BEWERBUNG\">\n\t\t\t<input type=\"hidden\" name=\"post_id\" value=\"241369\"\/>\n\t\t\t<input type=\"hidden\" name=\"form_id\" value=\"8cc1a7e\"\/>\n\t\t\t<input type=\"hidden\" name=\"referer_title\" value=\"\" \/>\n\n\t\t\t\n\t\t\t<div class=\"elementor-form-fields-wrapper elementor-labels-above\">\n\t\t\t\t\t\t\t\t<div class=\"elementor-field-type-text elementor-field-group elementor-column elementor-field-group-nome elementor-col-25 elementor-sm-50 elementor-field-required\">\n\t\t\t\t\t\t\t\t\t\t\t\t<label for=\"form-field-nome\" class=\"elementor-field-label\">\n\t\t\t\t\t\t\t\tVorname\t\t\t\t\t\t\t<\/label>\n\t\t\t\t\t\t\t\t\t\t\t\t\t\t<input size=\"1\" type=\"text\" name=\"form_fields[nome]\" id=\"form-field-nome\" class=\"elementor-field elementor-size-sm  elementor-field-textual\" placeholder=\"Vorname\" required=\"required\">\n\t\t\t\t\t\t\t\t\t\t\t<\/div>\n\t\t\t\t\t\t\t\t<div class=\"elementor-field-type-text elementor-field-group elementor-column elementor-field-group-cognome elementor-col-25 elementor-sm-50 elementor-field-required\">\n\t\t\t\t\t\t\t\t\t\t\t\t<label for=\"form-field-cognome\" class=\"elementor-field-label\">\n\t\t\t\t\t\t\t\tNachname\t\t\t\t\t\t\t<\/label>\n\t\t\t\t\t\t\t\t\t\t\t\t\t\t<input size=\"1\" type=\"text\" name=\"form_fields[cognome]\" id=\"form-field-cognome\" class=\"elementor-field elementor-size-sm  elementor-field-textual\" placeholder=\"Nachname\" required=\"required\">\n\t\t\t\t\t\t\t\t\t\t\t<\/div>\n\t\t\t\t\t\t\t\t<div class=\"elementor-field-type-email elementor-field-group elementor-column elementor-field-group-email elementor-col-25 elementor-sm-50 elementor-field-required\">\n\t\t\t\t\t\t\t\t\t\t\t\t<label for=\"form-field-email\" class=\"elementor-field-label\">\n\t\t\t\t\t\t\t\tEmail\t\t\t\t\t\t\t<\/label>\n\t\t\t\t\t\t\t\t\t\t\t\t\t\t<input size=\"1\" type=\"email\" name=\"form_fields[email]\" id=\"form-field-email\" class=\"elementor-field elementor-size-sm  elementor-field-textual\" placeholder=\"Email\" required=\"required\">\n\t\t\t\t\t\t\t\t\t\t\t<\/div>\n\t\t\t\t\t\t\t\t<div class=\"elementor-field-type-tel elementor-field-group elementor-column elementor-field-group-telefono elementor-col-25 elementor-sm-50 elementor-field-required\">\n\t\t\t\t\t\t\t\t\t\t\t\t<label for=\"form-field-telefono\" class=\"elementor-field-label\">\n\t\t\t\t\t\t\t\tTelefon\t\t\t\t\t\t\t<\/label>\n\t\t\t\t\t\t\t\t<input size=\"1\" type=\"tel\" name=\"form_fields[telefono]\" id=\"form-field-telefono\" class=\"elementor-field elementor-size-sm  elementor-field-textual\" placeholder=\"Telefon\" required=\"required\" pattern=\"[0-9()#&amp;+*-=.]+\" title=\"Nur Nummern oder Telefon-Zeichen (#, -, *, etc) werden akzeptiert.\">\n\n\t\t\t\t\t\t<\/div>\n\t\t\t\t\t\t\t\t<div class=\"elementor-field-type-upload elementor-field-group elementor-column elementor-field-group-cv elementor-col-33 elementor-md-50 elementor-field-required\">\n\t\t\t\t\t\t\t\t\t\t\t\t<label for=\"form-field-cv\" class=\"elementor-field-label\">\n\t\t\t\t\t\t\t\tLebenslauf anh\u00e4ngen\t\t\t\t\t\t\t<\/label>\n\t\t\t\t\t\t\t\t<input type=\"file\" name=\"form_fields[cv][]\" id=\"form-field-cv\" class=\"elementor-field elementor-size-sm  elementor-upload-field\" required=\"required\" multiple=\"multiple\" data-maxsize=\"5\" data-maxsize-message=\"Diese Datei \u00fcbersteigt die maximale Dateigr\u00f6\u00dfe.\">\n\n\t\t\t\t\t\t<\/div>\n\t\t\t\t\t\t\t\t<div class=\"elementor-field-type-textarea elementor-field-group elementor-column elementor-field-group-messaggio elementor-col-66 elementor-md-50\">\n\t\t\t\t\t\t\t\t\t\t\t\t<label for=\"form-field-messaggio\" class=\"elementor-field-label\">\n\t\t\t\t\t\t\t\tInformationen anfordern\t\t\t\t\t\t\t<\/label>\n\t\t\t\t\t\t<textarea class=\"elementor-field-textual elementor-field  elementor-size-sm\" name=\"form_fields[messaggio]\" id=\"form-field-messaggio\" rows=\"2\" placeholder=\"Nachricht\"><\/textarea>\t\t\t\t<\/div>\n\t\t\t\t\t\t\t\t<div class=\"elementor-field-type-acceptance elementor-field-group elementor-column elementor-field-group-privacy elementor-col-100 elementor-field-required\">\n\t\t\t\t\t\t\t\t\t\t\t\t<label for=\"form-field-privacy\" class=\"elementor-field-label\">\n\t\t\t\t\t\t\t\tPrivacy Policy\t\t\t\t\t\t\t<\/label>\n\t\t\t\t\t\t\t\t<div class=\"elementor-field-subgroup\">\n\t\t\t<span class=\"elementor-field-option\">\n\t\t\t\t<input type=\"checkbox\" name=\"form_fields[privacy]\" id=\"form-field-privacy\" class=\"elementor-field elementor-size-sm  elementor-acceptance-field\" required=\"required\">\n\t\t\t\t<label for=\"form-field-privacy\">Ich best\u00e4tige, dass die mit diesem Formular erhobenen Daten gem\u00e4\u00df dem italienischen Gesetzesdekret 196\/2003 und der EU-Verordnung 679\/2016 zum Schutz personenbezogener Daten verarbeitet werden <\/label>\t\t\t<\/span>\n\t\t<\/div>\n\t\t\t\t\t\t<\/div>\n\t\t\t\t\t\t\t\t<div class=\"elementor-field-type-recaptcha_v3 elementor-field-group elementor-column elementor-field-group-repatcha elementor-col-100 recaptcha_v3-bottomright\">\n\t\t\t\t\t<div class=\"elementor-field\" id=\"form-field-repatcha\"><div class=\"elementor-g-recaptcha\" data-sitekey=\"6Lc7K34sAAAAAIZLLp0-SYNpl44KW95ox6BSziGm\" data-type=\"v3\" data-action=\"Form\" data-badge=\"bottomright\" data-size=\"invisible\"><\/div><\/div>\t\t\t\t<\/div>\n\t\t\t\t\t\t\t\t<div class=\"elementor-field-group elementor-column elementor-field-type-submit elementor-col-100 e-form__buttons\">\n\t\t\t\t\t<button class=\"elementor-button elementor-size-sm\" type=\"submit\">\n\t\t\t\t\t\t<span class=\"elementor-button-content-wrapper\">\n\t\t\t\t\t\t\t\t\t\t\t\t\t\t\t\t\t\t\t\t\t\t<span class=\"elementor-button-text\">BEWERBUNG SENDEN<\/span>\n\t\t\t\t\t\t\t\t\t\t\t\t\t<\/span>\n\t\t\t\t\t<\/button>\n\t\t\t\t<\/div>\n\t\t\t<\/div>\n\t\t<\/form>\n\t\t\t\t\t\t<\/div>\n\t\t\t\t<\/div>\n\t\t\t\t\t<\/div>\n\t\t<\/div>\n\t\t\t\t\t<\/div>\n\t\t<\/section>\n\t\t\t\t\t<\/div>\n\t\t<\/div>\n\t\t\t\t\t<\/div>\n\t\t<\/section>\n\t\t\t\t<\/div>\n\t\t","protected":false},"excerpt":{"rendered":"<p>Haben Sie sich jemals vorgestellt, in einem Umfeld zu arbeiten, in dem Eleganz, Kompetenz und Authentizit\u00e4t nicht nur Worte sind, sondern gelebte Realit\u00e4t.<\/p>\n","protected":false},"author":1,"featured_media":242790,"parent":0,"menu_order":0,"comment_status":"closed","ping_status":"closed","template":"","meta":{"footnotes":""},"class_list":["post-241369","page","type-page","status-publish","has-post-thumbnail","hentry"],"_links":{"self":[{"href":"https:\/\/etikaimmobiliare.it\/de\/wp-json\/wp\/v2\/pages\/241369","targetHints":{"allow":["GET"]}}],"collection":[{"href":"https:\/\/etikaimmobiliare.it\/de\/wp-json\/wp\/v2\/pages"}],"about":[{"href":"https:\/\/etikaimmobiliare.it\/de\/wp-json\/wp\/v2\/types\/page"}],"author":[{"embeddable":true,"href":"https:\/\/etikaimmobiliare.it\/de\/wp-json\/wp\/v2\/users\/1"}],"replies":[{"embeddable":true,"href":"https:\/\/etikaimmobiliare.it\/de\/wp-json\/wp\/v2\/comments?post=241369"}],"version-history":[{"count":0,"href":"https:\/\/etikaimmobiliare.it\/de\/wp-json\/wp\/v2\/pages\/241369\/revisions"}],"wp:featuredmedia":[{"embeddable":true,"href":"https:\/\/etikaimmobiliare.it\/de\/wp-json\/wp\/v2\/media\/242790"}],"wp:attachment":[{"href":"https:\/\/etikaimmobiliare.it\/de\/wp-json\/wp\/v2\/media?parent=241369"}],"curies":[{"name":"wp","href":"https:\/\/api.w.org\/{rel}","templated":true}]}}